{"id":1183,"date":"2019-04-02T12:13:58","date_gmt":"2019-04-02T12:13:58","guid":{"rendered":"http:\/\/wp2.creanncy.com\/davenport\/davenport-1\/?page_id=1183"},"modified":"2022-05-26T11:23:50","modified_gmt":"2022-05-26T14:23:50","slug":"enderecos-e-telefones-escritorios","status":"publish","type":"page","link":"https:\/\/senadorwellingtonfagundes.com.br\/senador\/enderecos-e-telefones-escritorios\/","title":{"rendered":"Endere\u00e7os e Telefones Escrit\u00f3rios"},"content":{"rendered":"\n<hr class=\"wp-block-separator is-style-wide\"\/>\n\n\n\n<div class=\"wp-container-4 wp-block-columns\">\n<div class=\"wp-container-1 wp-block-column\">\n<h2>Cuiab\u00e1<\/h2>\n<\/div>\n\n\n\n<div class=\"wp-container-2 wp-block-column\">\n<h2>Rondon\u00f3polis<\/h2>\n<\/div>\n\n\n\n<div class=\"wp-container-3 wp-block-column\">\n<h2>Bras\u00edlia<\/h2>\n<\/div>\n<\/div>\n\n\n\n<div class=\"wp-container-8 wp-block-columns\">\n<div class=\"wp-container-5 wp-block-column\">\n<p>Rua das Tulipas, 439,qd 55<br>lote 18, Jardim Cuiab\u00e1<br>CEP: 78043-162<br><strong>Contato: 65 3054-2293<\/strong><br>Cuiab\u00e1 &#8211; MT<\/p>\n<\/div>\n\n\n\n<div class=\"wp-container-6 wp-block-column\">\n<p>Rua Rio Grande do Sul 709<br>Cidade Salmem<br>CEP: 78705-154<br><strong>Contato: 66 3023 2006<\/strong><br>Rondon\u00f3polis-MT<\/p>\n<\/div>\n\n\n\n<div class=\"wp-container-7 wp-block-column\">\n<p>Senado Federal &#8211; Anexo I &#8211; 19\u00ba andar Pra\u00e7a dos Tr\u00eas Poderes<br>Cep: 70165-900<br><strong>Contato: 61 3303 6213<\/strong><br>Bras\u00edlia &#8211; DF<br><\/p>\n<\/div>\n<\/div>\n\n\n\n<div class=\"wp-container-12 wp-block-columns\">\n<div class=\"wp-container-9 wp-block-column\"><\/div>\n\n\n\n<div class=\"wp-container-10 wp-block-column\"><\/div>\n\n\n\n<div class=\"wp-container-11 wp-block-column\"><\/div>\n<\/div>\n\n\n\n<p><\/p>\n","protected":false},"excerpt":{"rendered":"<p>Cuiab\u00e1 Rondon\u00f3polis Bras\u00edlia Rua das Tulipas, 439,qd 55lote 18, Jardim Cuiab\u00e1CEP: 78043-162Contato: 65 3054-2293Cuiab\u00e1 &#8211; MT Rua Rio Grande do Sul 709Cidade SalmemCEP: 78705-154Contato: 66 3023 2006Rondon\u00f3polis-MT Senado Federal &#8211; Anexo I &#8211; 19\u00ba andar&#8230;<\/p>\n","protected":false},"author":1,"featured_media":0,"parent":0,"menu_order":0,"comment_status":"closed","ping_status":"closed","template":"","meta":[],"_links":{"self":[{"href":"https:\/\/senadorwellingtonfagundes.com.br\/senador\/wp-json\/wp\/v2\/pages\/1183"}],"collection":[{"href":"https:\/\/senadorwellingtonfagundes.com.br\/senador\/wp-json\/wp\/v2\/pages"}],"about":[{"href":"https:\/\/senadorwellingtonfagundes.com.br\/senador\/wp-json\/wp\/v2\/types\/page"}],"author":[{"embeddable":true,"href":"https:\/\/senadorwellingtonfagundes.com.br\/senador\/wp-json\/wp\/v2\/users\/1"}],"replies":[{"embeddable":true,"href":"https:\/\/senadorwellingtonfagundes.com.br\/senador\/wp-json\/wp\/v2\/comments?post=1183"}],"version-history":[{"count":9,"href":"https:\/\/senadorwellingtonfagundes.com.br\/senador\/wp-json\/wp\/v2\/pages\/1183\/revisions"}],"predecessor-version":[{"id":18116,"href":"https:\/\/senadorwellingtonfagundes.com.br\/senador\/wp-json\/wp\/v2\/pages\/1183\/revisions\/18116"}],"wp:attachment":[{"href":"https:\/\/senadorwellingtonfagundes.com.br\/senador\/wp-json\/wp\/v2\/media?parent=1183"}],"curies":[{"name":"wp","href":"https:\/\/api.w.org\/{rel}","templated":true}]}}