{"id":16512,"date":"2022-03-14T15:34:14","date_gmt":"2022-03-14T18:34:14","guid":{"rendered":"https:\/\/senadorwellingtonfagundes.com.br\/senador\/?page_id=16512"},"modified":"2022-05-27T10:43:15","modified_gmt":"2022-05-27T13:43:15","slug":"biografia-wellington-fagundes","status":"publish","type":"page","link":"https:\/\/senadorwellingtonfagundes.com.br\/senador\/biografia-wellington-fagundes\/","title":{"rendered":"Biografia"},"content":{"rendered":"\n<div class=\"wp-container-4 wp-block-columns\">\n<div class=\"wp-container-1 wp-block-column\">\n<figure class=\"wp-block-image size-full\"><img loading=\"lazy\" width=\"570\" height=\"314\" src=\"https:\/\/senadorwellingtonfagundes.com.br\/senador\/wp-content\/uploads\/2020\/03\/thumbnail-for-11110.jpg\" alt=\"\" class=\"wp-image-17176\" srcset=\"https:\/\/senadorwellingtonfagundes.com.br\/senador\/wp-content\/uploads\/2020\/03\/thumbnail-for-11110.jpg 570w, https:\/\/senadorwellingtonfagundes.com.br\/senador\/wp-content\/uploads\/2020\/03\/thumbnail-for-11110-300x165.jpg 300w\" sizes=\"(max-width: 570px) 100vw, 570px\" \/><\/figure>\n\n\n\n<p>Wellington Ant\u00f4nio Fagundes nasceu em 1\u00ba de junho de 1957, no munic\u00edpio de Rondon\u00f3polis \u2013 Mato Grosso. \u00c9 m\u00e9dico veterin\u00e1rio, formado pela Universidade Federal de Mato Grosso do Sul (UFMS) e p\u00f3s-graduado em Ci\u00eancia Pol\u00edtica pela Universidade de Bras\u00edlia (UnB). \u00c9 casado com Mariene de Abreu Fagundes, com quem tem dois filhos: Jo\u00e3o Ant\u00f4nio Fagundes e Di\u00f3genes de Abreu Fagundes.<\/p>\n\n\n\n<p>Possui mais de 30 anos de trabalho parlamentar ininterruptos, sendo 24 na C\u00e2mara dos Deputados e, dessas ocasi\u00f5es, foi eleito, por duas vezes, o mais votado do Estado.<\/p>\n\n\n\n<p>O senador \u00e9 autor de projetos muito importantes que passaram a vigorar em todas as \u00e1reas da sociedade, como o que deu origem ao Estatuto do Idoso, o que criou a Universidade Federal de Rondon\u00f3polis, permitindo tamb\u00e9m o aumento dos profissionais de medicina nos hospitais universit\u00e1rios; e o que garantiu o pagamento de R$ 6,5 bilh\u00f5es do FEX (Fundo de Amparo \u00e0s Exporta\u00e7\u00f5es) a Mato Grosso.<\/p>\n\n\n\n<p>Foi presidente da Comiss\u00e3o Especial do Pantanal e autor do Estatuto desse bioma. Tamb\u00e9m foi coautor do projeto de Lei que garante direitos aos monoculares, autor do projeto que assegura continuidade da Lei Aldir Blanc (aux\u00edlio para o setor da Cultura durante a pandemia), e do projeto que autoriza f\u00e1bricas veterin\u00e1rias a produzirem milh\u00f5es de vacinas contra a COVID-19, aprovado em tempo recorde (este \u00faltimo na condi\u00e7\u00e3o de relator da Comiss\u00e3o Tem\u00e1tica sobre a COVID 19).<\/p>\n\n\n\n<p>No \u00faltimo ano, com recursos viabilizados pelo senador, 14 munic\u00edpios de Mato Grosso receberam equipamentos para fortalecer as a\u00e7\u00f5es dos conselhos de Promo\u00e7\u00e3o da Igualdade Racial. Os kits incluem ve\u00edculos, computadores e equipamentos de som.<\/p>\n\n\n\n<p>Hoje, o parlamentar luta pela aprova\u00e7\u00e3o e san\u00e7\u00e3o de outros projetos priorit\u00e1rios:<\/p>\n\n\n\n<p>1) Ressarcimento ao SUS pelo tratamento de v\u00edtimas de acidentes causados por condutores sob influ\u00eancia de \u00e1lcool ou drogas;<\/p>\n\n\n\n<p>2) Autoriza\u00e7\u00e3o para utiliza\u00e7\u00e3o de recursos do Fundo Nacional para a Crian\u00e7a e o Adolescente para auxiliar o acolhimento familiar ou institucional na pandemia;<\/p>\n\n\n\n<p>3) Autoriza\u00e7\u00e3o para a transforma\u00e7\u00e3o do Campus da UFMT em Sinop na Universidade Federal da Regi\u00e3o Norte de MT;<\/p>\n\n\n\n<p>4) Reserva de, ao menos 30% das cadeiras de Deputado Federal, Estadual, Distrital e Vereador para mulheres;<\/p>\n\n\n\n<p>5) Regulamenta\u00e7\u00e3o de dispositivos constitucionais relativos \u00e0 reforma agr\u00e1ria;<\/p>\n\n\n\n<p>6) Prorroga\u00e7\u00e3o das d\u00edvidas do Programa Nacional de Cr\u00e9dito Fundi\u00e1rio (PNCF); e<\/p>\n\n\n\n<p>7) Diretrizes de seguran\u00e7a e resgate para animais em \u00e1reas de risco e na gest\u00e3o p\u00f3s-calamidades.<\/p>\n\n\n\n<p><\/p>\n\n\n\n<p><\/p>\n<\/div>\n\n\n\n<div class=\"wp-container-3 wp-block-column\">\n<p>Durante a pandemia, o parlamentar liderou a for\u00e7a tarefa que assegurou os recursos para conclus\u00e3o do novo Pronto Socorro de Cuiab\u00e1, bem com a retomada das obras do Hospital Universit\u00e1rio J\u00falio Muller, paralisadas h\u00e1 mais de 6 anos, com recursos na conta do Governo.<\/p>\n\n\n\n<p>Apoiou a renegocia\u00e7\u00e3o de d\u00edvidas e garantia de funcionamento das Santa Casas de Cuiab\u00e1 e Rondon\u00f3polis; atuou para assegurar log\u00edstica para distribui\u00e7\u00e3o de alimentos, combust\u00edveis e medicamentos na pandemia e tamb\u00e9m em defesa e prote\u00e7\u00e3o dos ind\u00edgenas de MT contra a COVID.<\/p>\n\n\n\n<p>Lutou, no Minist\u00e9rio da Ci\u00eancia Tecnologia e Inova\u00e7\u00f5es (e no Minist\u00e9rio da Economia), por mais recursos de financiamento ao desenvolvimento de vacinas 100% nacionais. E articulou a aprova\u00e7\u00e3o do Programa Nacional de Apoio \u00e0s Microempresas e Empresas de Pequeno Porte (Pronampe), que salvou empregos na pandemia, e se transformou em pol\u00edtica permanente de Estado.<\/p>\n\n\n\n<figure class=\"wp-block-image size-full\"><img loading=\"lazy\" width=\"860\" height=\"570\" src=\"https:\/\/senadorwellingtonfagundes.com.br\/senador\/wp-content\/uploads\/2020\/06\/imagem_materia-_9_.jpg\" alt=\"\" class=\"wp-image-17009\" srcset=\"https:\/\/senadorwellingtonfagundes.com.br\/senador\/wp-content\/uploads\/2020\/06\/imagem_materia-_9_.jpg 860w, https:\/\/senadorwellingtonfagundes.com.br\/senador\/wp-content\/uploads\/2020\/06\/imagem_materia-_9_-300x199.jpg 300w, https:\/\/senadorwellingtonfagundes.com.br\/senador\/wp-content\/uploads\/2020\/06\/imagem_materia-_9_-768x509.jpg 768w, https:\/\/senadorwellingtonfagundes.com.br\/senador\/wp-content\/uploads\/2020\/06\/imagem_materia-_9_-600x398.jpg 600w\" sizes=\"(max-width: 860px) 100vw, 860px\" \/><\/figure>\n\n\n\n<p>Atualmente, \u00e9 l\u00edder do Bloco Parlamentar Vanguarda \u2013 formado pelo DEM-PSC-PL; j\u00e1 relatou o Or\u00e7amento nas \u00e1reas da Educa\u00e7\u00e3o (2022), Mulher e Direitos Humanos (2021), Defesa e Justi\u00e7a (2020), entre outras. Foi presidente da Comiss\u00e3o Senado do Futuro; Vice-presidente da Comiss\u00e3o de Infraestrutura e preside a Frente Parlamentar de Log\u00edstica e Infraestrutura (Frenlogi). Municipalista, \u00e9 tamb\u00e9m vice-presidente de Frente Parlamentar de Defesa dos Munic\u00edpios<\/p>\n\n\n\n<p>Wellington j\u00e1 foi considerado, por diversos rankings pol\u00edticos, um parlamentar de excel\u00eancia. Recebeu o trof\u00e9u Bom Parlamentar (site Ranking dos Pol\u00edticos); e por tr\u00eas vezes foi considerado um dos &#8220;Cabe\u00e7as do Congresso&#8221; (DIAP).<\/p>\n\n\n\n<p><\/p>\n\n\n\n<p><\/p>\n\n\n\n<ul class=\"wp-container-2 wp-block-social-links is-style-logos-only\"><\/ul>\n<\/div>\n<\/div>\n\n\n\n<p><\/p>\n","protected":false},"excerpt":{"rendered":"<p>Wellington Ant\u00f4nio Fagundes nasceu em 1\u00ba de junho de 1957, no munic\u00edpio de Rondon\u00f3polis \u2013 Mato Grosso. \u00c9 m\u00e9dico veterin\u00e1rio, formado pela Universidade Federal de Mato Grosso do Sul (UFMS) e p\u00f3s-graduado em Ci\u00eancia Pol\u00edtica&#8230;<\/p>\n","protected":false},"author":1,"featured_media":0,"parent":0,"menu_order":0,"comment_status":"closed","ping_status":"closed","template":"","meta":[],"_links":{"self":[{"href":"https:\/\/senadorwellingtonfagundes.com.br\/senador\/wp-json\/wp\/v2\/pages\/16512"}],"collection":[{"href":"https:\/\/senadorwellingtonfagundes.com.br\/senador\/wp-json\/wp\/v2\/pages"}],"about":[{"href":"https:\/\/senadorwellingtonfagundes.com.br\/senador\/wp-json\/wp\/v2\/types\/page"}],"author":[{"embeddable":true,"href":"https:\/\/senadorwellingtonfagundes.com.br\/senador\/wp-json\/wp\/v2\/users\/1"}],"replies":[{"embeddable":true,"href":"https:\/\/senadorwellingtonfagundes.com.br\/senador\/wp-json\/wp\/v2\/comments?post=16512"}],"version-history":[{"count":12,"href":"https:\/\/senadorwellingtonfagundes.com.br\/senador\/wp-json\/wp\/v2\/pages\/16512\/revisions"}],"predecessor-version":[{"id":18296,"href":"https:\/\/senadorwellingtonfagundes.com.br\/senador\/wp-json\/wp\/v2\/pages\/16512\/revisions\/18296"}],"wp:attachment":[{"href":"https:\/\/senadorwellingtonfagundes.com.br\/senador\/wp-json\/wp\/v2\/media?parent=16512"}],"curies":[{"name":"wp","href":"https:\/\/api.w.org\/{rel}","templated":true}]}}