{"id":703,"date":"2011-05-20T18:51:43","date_gmt":"2011-05-21T01:51:43","guid":{"rendered":"https:\/\/wpthemetestdata.wordpress.com\/?page_id=703"},"modified":"2022-05-27T11:03:04","modified_gmt":"2022-05-27T14:03:04","slug":"noticias","status":"publish","type":"page","link":"https:\/\/senadorwellingtonfagundes.com.br\/senador\/noticias\/","title":{"rendered":"Not\u00edcias"},"content":{"rendered":"<ul class=\"wp-block-latest-posts__list has-dates wp-block-latest-posts\"><li><div class=\"wp-block-latest-posts__featured-image alignleft\"><img width=\"150\" height=\"150\" src=\"https:\/\/senadorwellingtonfagundes.com.br\/senador\/wp-content\/uploads\/2026\/04\/IMG-20260415-WA0006-150x150.jpg\" class=\"attachment-thumbnail size-thumbnail wp-post-image\" alt=\"\" loading=\"lazy\" style=\"\" \/><\/div><a class=\"wp-block-latest-posts__post-title\" href=\"https:\/\/senadorwellingtonfagundes.com.br\/senador\/fagundes-cobra-agilidade-e-busca-destravar-obras-de-r-28-milhoes-em-diamantino\/\">FAGUNDES COBRA AGILIDADE E BUSCA DESTRAVAR OBRAS DE R$ 28 MILH\u00d5ES EM DIAMANTINO<\/a><time datetime=\"2026-04-15T15:00:41-03:00\" class=\"wp-block-latest-posts__post-date\">15 de abril de 2026<\/time><div class=\"wp-block-latest-posts__post-excerpt\">O senador e pr\u00e9-candidato ao governo, Wellington Fagundes (PL-MT) participou nesta ter\u00e7a-feira (14\/04), de audi\u00eancia na Secretaria de Desenvolvimento Regional do Minist\u00e9rio da Integra\u00e7\u00e3o e do Desenvolvimento Regional (SDR\/MIDR), com o secret\u00e1rio Daniel Fortunato, para tratar da execu\u00e7\u00e3o de conv\u00eanios que somam R$ 28 milh\u00f5es destinados ao munic\u00edpio de Diamantino. Os recursos, viabilizados por articula\u00e7\u00e3o&#8230;<\/div><\/li>\n<li><div class=\"wp-block-latest-posts__featured-image alignleft\"><img width=\"150\" height=\"150\" src=\"https:\/\/senadorwellingtonfagundes.com.br\/senador\/wp-content\/uploads\/2026\/04\/WhatsApp-Image-2026-04-15-at-11.49.09-150x150.jpeg\" class=\"attachment-thumbnail size-thumbnail wp-post-image\" alt=\"\" loading=\"lazy\" style=\"\" \/><\/div><a class=\"wp-block-latest-posts__post-title\" href=\"https:\/\/senadorwellingtonfagundes.com.br\/senador\/fagundes-homenageia-wady-lacerda-em-sessao-do-lions-club-no-senado-e-pede-apoio-a-causa-do-pantanal\/\">FAGUNDES HOMENAGEIA WHADY LACERDA EM SESS\u00c3O DO LIONS CLUB NO SENADO E PEDE APOIO \u00c0 CAUSA DO PANTANAL<\/a><time datetime=\"2026-04-15T13:43:39-03:00\" class=\"wp-block-latest-posts__post-date\">15 de abril de 2026<\/time><div class=\"wp-block-latest-posts__post-excerpt\">O senador e pr\u00e9-candidato ao governo de Mato Grosso, Wellington Fagundes (PL-MT), presidiu, no Senado Federal, uma sess\u00e3o especial em homenagem aos 109 anos do Lions Clubs International e ao Dia do Leonismo Nacional, celebrado em 16 de abril. A solenidade reuniu lideran\u00e7as do movimento e autoridades, destacando o papel hist\u00f3rico e o impacto social&#8230;<\/div><\/li>\n<li><div class=\"wp-block-latest-posts__featured-image alignleft\"><img width=\"150\" height=\"150\" src=\"https:\/\/senadorwellingtonfagundes.com.br\/senador\/wp-content\/uploads\/2026\/04\/IMG-20260414-WA0301-150x150.jpg\" class=\"attachment-thumbnail size-thumbnail wp-post-image\" alt=\"\" loading=\"lazy\" style=\"\" \/><\/div><a class=\"wp-block-latest-posts__post-title\" href=\"https:\/\/senadorwellingtonfagundes.com.br\/senador\/fagundes-cobra-agilidade-em-obras-e-reforca-importancia-da-br-163-durante-audiencia-da-antt\/\">Fagundes cobra agilidade em obras e refor\u00e7a import\u00e2ncia da BR-163 durante audi\u00eancia da ANTT<\/a><time datetime=\"2026-04-14T18:30:13-03:00\" class=\"wp-block-latest-posts__post-date\">14 de abril de 2026<\/time><div class=\"wp-block-latest-posts__post-excerpt\">O presidente da Frente Parlamentar de Log\u00edstica e Infraestrutura (FRENLOGI), senador Wellington Fagundes (PL-MT), participou nesta ter\u00e7a-feira (14) da audi\u00eancia p\u00fablica promovida pela Ag\u00eancia Nacional de Transportes Terrestres (ANTT), em Bras\u00edlia, para discutir a proposta de otimiza\u00e7\u00e3o do contrato de concess\u00e3o da BR-163\/230, no trecho entre Sinop (MT) e Miritituba (PA). Durante o debate, o&#8230;<\/div><\/li>\n<li><div class=\"wp-block-latest-posts__featured-image alignleft\"><img width=\"150\" height=\"150\" src=\"https:\/\/senadorwellingtonfagundes.com.br\/senador\/wp-content\/uploads\/2026\/04\/WhatsApp-Image-2026-04-14-at-12.06.43-150x150.jpeg\" class=\"attachment-thumbnail size-thumbnail wp-post-image\" alt=\"\" loading=\"lazy\" style=\"\" \/><\/div><a class=\"wp-block-latest-posts__post-title\" href=\"https:\/\/senadorwellingtonfagundes.com.br\/senador\/wellington-fagundes-destaca-avanco-com-novo-piso-para-medicos-e-dentistas\/\">WELLINGTON FAGUNDES DESTACA AVAN\u00c7O COM NOVO PISO PARA M\u00c9DICOS E DENTISTAS<\/a><time datetime=\"2026-04-14T13:54:33-03:00\" class=\"wp-block-latest-posts__post-date\">14 de abril de 2026<\/time><div class=\"wp-block-latest-posts__post-excerpt\">PROPOSTA BUSCA REDUZIR DESIGUALDADES REGIONAIS E AMPLIAR O ACESSO \u00c0 SA\u00daDE DE QUALIDADE A Comiss\u00e3o de Assuntos Econ\u00f4micos (CAE) do Senado aprovou, nesta ter\u00e7a-feira (14), o Projeto de Lei (PL) 1.365\/2022, que atualiza o piso salarial de m\u00e9dicos e cirurgi\u00f5es-dentistas. A proposta fixa o valor em R$ 13.662 para jornada de 20 horas semanais. O&#8230;<\/div><\/li>\n<li><div class=\"wp-block-latest-posts__featured-image alignleft\"><img width=\"150\" height=\"150\" src=\"https:\/\/senadorwellingtonfagundes.com.br\/senador\/wp-content\/uploads\/2026\/04\/de64159c-4c25-4819-b479-1fa414a56ff0-150x150.jpeg\" class=\"attachment-thumbnail size-thumbnail wp-post-image\" alt=\"\" loading=\"lazy\" style=\"\" \/><\/div><a class=\"wp-block-latest-posts__post-title\" href=\"https:\/\/senadorwellingtonfagundes.com.br\/senador\/fagundes-lidera-expedicao-pela-estrada-verde-e-defende-avanco-da-infraestrutura-no-pantanal\/\">FAGUNDES LIDERA EXPEDI\u00c7\u00c3O PELA ESTRADA VERDE E DEFENDE AVAN\u00c7O DA INFRAESTRUTURA NO PANTANAL<\/a><time datetime=\"2026-04-13T10:13:56-03:00\" class=\"wp-block-latest-posts__post-date\">13 de abril de 2026<\/time><div class=\"wp-block-latest-posts__post-excerpt\">O senador Wellington Fagundes, pr\u00e9-candidato ao governo de Mato Grosso, liderou neste final de semana, uma expedi\u00e7\u00e3o pela MT-040, conhecida como Estrada Verde, refor\u00e7ando sua atua\u00e7\u00e3o na viabiliza\u00e7\u00e3o da rodovia e defendendo novos investimentos para transformar o potencial da regi\u00e3o em desenvolvimento sustent\u00e1vel. A agenda contou com a participa\u00e7\u00e3o do reitor do IFMT, J\u00falio C\u00e9sar&#8230;<\/div><\/li>\n<li><div class=\"wp-block-latest-posts__featured-image alignleft\"><img width=\"150\" height=\"150\" src=\"https:\/\/senadorwellingtonfagundes.com.br\/senador\/wp-content\/uploads\/2026\/04\/IMG-20260410-WA0211-150x150.jpg\" class=\"attachment-thumbnail size-thumbnail wp-post-image\" alt=\"\" loading=\"lazy\" style=\"\" \/><\/div><a class=\"wp-block-latest-posts__post-title\" href=\"https:\/\/senadorwellingtonfagundes.com.br\/senador\/senador-wellington-fagundes-participa-da-latam-energy-week-2026-e-reforca-defesa-de-energia-com-qualidade-e-infraestrutura\/\">SENADOR WELLINGTON FAGUNDES PARTICIPA DA LATAM ENERGY WEEK 2026 E REFOR\u00c7A DEFESA DE ENERGIA COM QUALIDADE E INFRAESTRUTURA<\/a><time datetime=\"2026-04-10T10:46:06-03:00\" class=\"wp-block-latest-posts__post-date\">10 de abril de 2026<\/time><div class=\"wp-block-latest-posts__post-excerpt\">O senador Wellington Fagundes (PL-MT), pr\u00e9-candidato ao governo de Mato Grosso, est\u00e1 entre os convidados da LATAM Energy Week 2026, um dos mais importantes encontros do setor energ\u00e9tico da Am\u00e9rica Latina, realizado entre os dias 8 e 10 de abril, no Rio de Janeiro. A participa\u00e7\u00e3o do parlamentar ocorre nesta sexta-feira (10), dentro do F\u00f3rum&#8230;<\/div><\/li>\n<li><div class=\"wp-block-latest-posts__featured-image alignleft\"><img width=\"150\" height=\"150\" src=\"https:\/\/senadorwellingtonfagundes.com.br\/senador\/wp-content\/uploads\/2026\/04\/IMG-20260303-WA0189-150x150.jpg\" class=\"attachment-thumbnail size-thumbnail wp-post-image\" alt=\"\" loading=\"lazy\" style=\"\" \/><\/div><a class=\"wp-block-latest-posts__post-title\" href=\"https:\/\/senadorwellingtonfagundes.com.br\/senador\/fagundes-otimista-com-indicacao-de-soraya-ao-tcu-e-reforca-defesa-de-mais-mulheres-em-espacos-de-poder\/\">OTIMISTA COM INDICA\u00c7\u00c3O DE SORAYA AO TCU, FAGUNDES REFOR\u00c7A DEFESA DE MAIS MULHERES EM ESPA\u00c7OS DE PODER<\/a><time datetime=\"2026-04-09T17:26:40-03:00\" class=\"wp-block-latest-posts__post-date\">9 de abril de 2026<\/time><div class=\"wp-block-latest-posts__post-excerpt\">O senador Wellington Fagundes (PL-MT), pr\u00e9-candidato ao governo do estado, recebeu com expectativa e otimismo o an\u00fancio feito pelo senador Fl\u00e1vio Bolsonaro (PL-RJ) e pela bancada do Partido Liberal da candidatura da deputada federal Soraya Santos (PL-RJ) \u00e0 vaga aberta no Tribunal de Contas da Uni\u00e3o (TCU). A indica\u00e7\u00e3o, segundo Fagundes, ocorre em um momento&#8230;<\/div><\/li>\n<li><div class=\"wp-block-latest-posts__featured-image alignleft\"><img width=\"150\" height=\"150\" src=\"https:\/\/senadorwellingtonfagundes.com.br\/senador\/wp-content\/uploads\/2026\/03\/IMG-20251219-WA0224-150x150.jpg\" class=\"attachment-thumbnail size-thumbnail wp-post-image\" alt=\"\" loading=\"lazy\" style=\"\" \/><\/div><a class=\"wp-block-latest-posts__post-title\" href=\"https:\/\/senadorwellingtonfagundes.com.br\/senador\/fagundes-assina-requerimento-e-defende-prorrogacao-da-cpi-do-crime-organizado-por-mais-60-dias\/\">FAGUNDES ASSINA REQUERIMENTO E DEFENDE PRORROGA\u00c7\u00c3O DA CPI DO CRIME ORGANIZADO POR MAIS 60 DIAS<\/a><time datetime=\"2026-03-31T19:52:04-03:00\" class=\"wp-block-latest-posts__post-date\">31 de mar\u00e7o de 2026<\/time><div class=\"wp-block-latest-posts__post-excerpt\">O senador Wellington Fagundes (PL-MT), pr\u00e9-candidato ao governo, assinou um requerimento solicitando a prorroga\u00e7\u00e3o por mais 60 dias dos trabalhos da Comiss\u00e3o Parlamentar de Inqu\u00e9rito do Crime Organizado (CPICRIME), em tramita\u00e7\u00e3o no Senado Federal. A proposta foi apresentada pelo senador Alessandro Vieira (MDB-SE) e conta com o apoio de parlamentares que defendem o aprofundamento das&#8230;<\/div><\/li>\n<li><div class=\"wp-block-latest-posts__featured-image alignleft\"><img width=\"150\" height=\"150\" src=\"https:\/\/senadorwellingtonfagundes.com.br\/senador\/wp-content\/uploads\/2026\/03\/Screenshot_20260305_113315_Photos-150x150.jpg\" class=\"attachment-thumbnail size-thumbnail wp-post-image\" alt=\"\" loading=\"lazy\" style=\"\" \/><\/div><a class=\"wp-block-latest-posts__post-title\" href=\"https:\/\/senadorwellingtonfagundes.com.br\/senador\/fagundes-busca-solucao-para-garantir-seguranca-e-modernizacao-no-aeroporto-de-barra-do-garcas\/\">FAGUNDES BUSCA SOLU\u00c7\u00c3O PARA GARANTIR SEGURAN\u00c7A E MODERNIZA\u00c7\u00c3O NO AEROPORTO DE BARRA DO GAR\u00c7AS<\/a><time datetime=\"2026-03-26T16:59:24-03:00\" class=\"wp-block-latest-posts__post-date\">26 de mar\u00e7o de 2026<\/time><div class=\"wp-block-latest-posts__post-excerpt\">O senador Wellington Fagundes (PL-MT), pr\u00e9-candidato ao Governo de Mato Grosso, liderou, em Bras\u00edlia nesta quarta-feira (25\/03), uma importante articula\u00e7\u00e3o institucional para tratar do futuro operacional do aeroporto de Barra do Gar\u00e7as. O encontro reuniu o Brigadeiro-do-Ar Pompeu Brasil, presidente da NAV Brasil e respons\u00e1vel pelas recentes mudan\u00e7as tecnol\u00f3gicas implementadas no aeroporto, al\u00e9m do diretor&#8230;<\/div><\/li>\n<li><div class=\"wp-block-latest-posts__featured-image alignleft\"><img width=\"150\" height=\"150\" src=\"https:\/\/senadorwellingtonfagundes.com.br\/senador\/wp-content\/uploads\/2026\/03\/IMG_9615-150x150.jpeg\" class=\"attachment-thumbnail size-thumbnail wp-post-image\" alt=\"\" loading=\"lazy\" style=\"\" \/><\/div><a class=\"wp-block-latest-posts__post-title\" href=\"https:\/\/senadorwellingtonfagundes.com.br\/senador\/wellington-fagundes-apresenta-proposta-que-usa-tecnologia-para-impedir-aproximacao-de-agressores-e-proteger-mulheres\/\">WELLINGTON FAGUNDES APRESENTA PROPOSTA QUE USA TECNOLOGIA PARA IMPEDIR APROXIMA\u00c7\u00c3O DE AGRESSORES E PROTEGER MULHERES<\/a><time datetime=\"2026-03-26T10:32:56-03:00\" class=\"wp-block-latest-posts__post-date\">26 de mar\u00e7o de 2026<\/time><div class=\"wp-block-latest-posts__post-excerpt\">O senador Wellington Fagundes, pr\u00e9-candidato ao Governo de Mato Grosso, apresentou nesta semana uma proposta que refor\u00e7a a prote\u00e7\u00e3o \u00e0s mulheres v\u00edtimas de viol\u00eancia ao utilizar tecnologia para garantir que agressores realmente mantenham dist\u00e2ncia. A iniciativa fortalece o uso do monitoramento eletr\u00f4nico como medida protetiva, permitindo que, nos casos de risco, a Justi\u00e7a determine o&#8230;<\/div><\/li>\n<\/ul>","protected":false},"excerpt":{"rendered":"","protected":false},"author":1,"featured_media":0,"parent":0,"menu_order":0,"comment_status":"closed","ping_status":"closed","template":"","meta":[],"_links":{"self":[{"href":"https:\/\/senadorwellingtonfagundes.com.br\/senador\/wp-json\/wp\/v2\/pages\/703"}],"collection":[{"href":"https:\/\/senadorwellingtonfagundes.com.br\/senador\/wp-json\/wp\/v2\/pages"}],"about":[{"href":"https:\/\/senadorwellingtonfagundes.com.br\/senador\/wp-json\/wp\/v2\/types\/page"}],"author":[{"embeddable":true,"href":"https:\/\/senadorwellingtonfagundes.com.br\/senador\/wp-json\/wp\/v2\/users\/1"}],"replies":[{"embeddable":true,"href":"https:\/\/senadorwellingtonfagundes.com.br\/senador\/wp-json\/wp\/v2\/comments?post=703"}],"version-history":[{"count":4,"href":"https:\/\/senadorwellingtonfagundes.com.br\/senador\/wp-json\/wp\/v2\/pages\/703\/revisions"}],"predecessor-version":[{"id":18306,"href":"https:\/\/senadorwellingtonfagundes.com.br\/senador\/wp-json\/wp\/v2\/pages\/703\/revisions\/18306"}],"wp:attachment":[{"href":"https:\/\/senadorwellingtonfagundes.com.br\/senador\/wp-json\/wp\/v2\/media?parent=703"}],"curies":[{"name":"wp","href":"https:\/\/api.w.org\/{rel}","templated":true}]}}